{"id":10,"date":"2020-01-15T21:03:30","date_gmt":"2020-01-15T21:03:30","guid":{"rendered":"http:\/\/wastlshausbraeu.de\/?page_id=10"},"modified":"2020-01-17T19:02:03","modified_gmt":"2020-01-17T18:02:03","slug":"meine-biere","status":"publish","type":"page","link":"https:\/\/wastlshausbraeu.de\/?page_id=10","title":{"rendered":"Meine Biere"},"content":{"rendered":"\n<p>Ich probiere gerne aus und daher gibt es auch nur wenige Biere oder Stile, die ich regelm\u00e4\u00dfig oder mehrfach braue. Immer mal wird wieder ein Wie\u00df oder Pale Ale als Alltagsbier gebraut. IPA und Abwandlungen davon auch immer gerne und da ich ein Freund dunkler bis sehr dunkler Biere bin, kommt auch immer mal wieder ein Stout, Porter, Milk-Stout, Imperial Stout, Black IPA oder Baltic Porter aus den Kessel. Ansonsten Red Ale, Scottish Ale, Wit, Double,&#8230; oder auch mal ein Helles oder Pils, seit ich die Ausr\u00fcstung f\u00fcr unterg\u00e4rige G\u00e4rf\u00fchrung habe. Sogar ein Alt steht auf meiner ToBrew Liste. Saison, Gose und Sauerbiere sind nicht so meins. Trinke ich ab und an mal, aber bin nicht so motiviert das mal selber zu machen.<\/p>\n\n\n\n<p>Auf dieser Seite ver\u00f6ffentliche ich nicht alle meine Biere, sondern nur, wenn es etwas besonderes dazu zu erz\u00e4hlen gibt, oder ich Lust habe eine Braudoku zu ver\u00f6ffentlichen. <\/p>\n\n\n<ul class=\"display-posts-listing\"><li class=\"listing-item\"><a class=\"title\" href=\"https:\/\/wastlshausbraeu.de\/?p=228\">Keptinis #2<\/a><\/li><li class=\"listing-item\"><a class=\"title\" href=\"https:\/\/wastlshausbraeu.de\/?p=69\">Keptinis<\/a><\/li><\/ul>\n\n\n\n<p>Ansonsten findet man auch viele meiner Biere bei Untappd, die von  Freunden &#8211; insbesondere Danke an Elke &#8211; dort flei\u00dfig eingetragen werden. <\/p>\n\n\n\n<p><a href=\"https:\/\/untappd.com\/WastlsHausbraeu\" target=\"_blank\" rel=\"noreferrer noopener\" aria-label=\" (\u00f6ffnet in neuem Tab)\">https:\/\/untappd.com\/WastlsHausbraeu<\/a><\/p>\n","protected":false},"excerpt":{"rendered":"<p>Ich probiere gerne aus und daher gibt es auch nur wenige Biere oder Stile, die ich regelm\u00e4\u00dfig oder mehrfach braue. Immer mal wird wieder ein Wie\u00df oder Pale Ale als Alltagsbier gebraut. IPA und Abwandlungen davon auch immer gerne und da ich ein Freund dunkler bis sehr dunkler Biere bin, kommt auch immer mal wieder ein Stout, Porter, Milk-Stout, Imperial Stout, Black IPA oder Baltic Porter aus den Kessel. Ansonsten Red Ale, Scottish Ale, Wit, Double,&#8230; oder auch mal ein&#8230;<\/p>\n<p class=\"read-more\"><a class=\"btn btn-default\" href=\"https:\/\/wastlshausbraeu.de\/?p=69\">Weiterlesen<span class=\"screen-reader-text\"> Weiterlesen<\/span><\/a><\/p>\n","protected":false},"author":1,"featured_media":0,"parent":0,"menu_order":0,"comment_status":"closed","ping_status":"closed","template":"","meta":{"footnotes":""},"class_list":["post-10","page","type-page","status-publish","hentry"],"_links":{"self":[{"href":"https:\/\/wastlshausbraeu.de\/index.php?rest_route=\/wp\/v2\/pages\/10","targetHints":{"allow":["GET"]}}],"collection":[{"href":"https:\/\/wastlshausbraeu.de\/index.php?rest_route=\/wp\/v2\/pages"}],"about":[{"href":"https:\/\/wastlshausbraeu.de\/index.php?rest_route=\/wp\/v2\/types\/page"}],"author":[{"embeddable":true,"href":"https:\/\/wastlshausbraeu.de\/index.php?rest_route=\/wp\/v2\/users\/1"}],"replies":[{"embeddable":true,"href":"https:\/\/wastlshausbraeu.de\/index.php?rest_route=%2Fwp%2Fv2%2Fcomments&post=10"}],"version-history":[{"count":9,"href":"https:\/\/wastlshausbraeu.de\/index.php?rest_route=\/wp\/v2\/pages\/10\/revisions"}],"predecessor-version":[{"id":140,"href":"https:\/\/wastlshausbraeu.de\/index.php?rest_route=\/wp\/v2\/pages\/10\/revisions\/140"}],"wp:attachment":[{"href":"https:\/\/wastlshausbraeu.de\/index.php?rest_route=%2Fwp%2Fv2%2Fmedia&parent=10"}],"curies":[{"name":"wp","href":"https:\/\/api.w.org\/{rel}","templated":true}]}}